{"id":45,"date":"2025-07-08T12:21:21","date_gmt":"2025-07-08T10:21:21","guid":{"rendered":"http:\/\/dream-silesia.polsl.pl\/?page_id=45"},"modified":"2025-07-08T12:22:10","modified_gmt":"2025-07-08T10:22:10","slug":"r-m-w","status":"publish","type":"page","link":"https:\/\/dream-silesia.polsl.pl\/?page_id=45","title":{"rendered":"Region, Town and Country"},"content":{"rendered":"\n<p><img loading=\"lazy\" decoding=\"async\" width=\"150\" height=\"150\" class=\"wp-image-1256\" style=\"width: 150px;\" src=\"http:\/\/dream-silesia.polsl.pl\/wp-content\/uploads\/2021\/05\/RTC_.png\" alt=\"\" srcset=\"https:\/\/dream-silesia.polsl.pl\/wp-content\/uploads\/2021\/05\/RTC_.png 560w, https:\/\/dream-silesia.polsl.pl\/wp-content\/uploads\/2021\/05\/RTC_-150x150.png 150w, https:\/\/dream-silesia.polsl.pl\/wp-content\/uploads\/2021\/05\/RTC_-300x300.png 300w, https:\/\/dream-silesia.polsl.pl\/wp-content\/uploads\/2021\/05\/RTC_-65x65.png 65w\" sizes=\"auto, (max-width: 150px) 100vw, 150px\" \/><\/p>\n\n\n\n<p><strong>Region, Town, and Country<\/strong>, the conference dealing mainly with issues of contemporary urban planning; so far the topics covered have been new concepts for residential areas, work spaces and concepts for public spaces, the development of smart cities, and spatial planning strategies. Currently, the main topic will be issues concerning the fight against climate change, in the edition entitled: Rain on concrete. Water retention in public spaces. <\/p>\n\n\n\n<p>The session will address issues related to natural methods of retaining and managing rainwater in different types of public spaces.\u00a0\u00a0\u00a0<\/p>\n\n\n\n<p>Main themes<\/p>\n\n\n\n<p>Region: Water in the landscape and regional planning<\/p>\n\n\n\n<ul class=\"wp-block-list\">\n<li>Water management at the regional level<\/li>\n\n\n\n<li>The impact of urbanization on the hydrological cycle<\/li>\n\n\n\n<li>Spatial planning that integrates water resources<\/li>\n\n\n\n<li>The involvement of local governments in planning<\/li>\n\n\n\n<li>Regional Climate Change Adaptation Plans<\/li>\n<\/ul>\n\n\n\n<p>Cities: Urban adaptation to climate change<\/p>\n\n\n\n<ul class=\"wp-block-list\">\n<li>Sustainable cities: water within the framework of the UN Sustainable Development Goals<\/li>\n\n\n\n<li>Stormwater management in the context of climate change<\/li>\n\n\n\n<li>Designing public spaces with a focus on water retention<\/li>\n\n\n\n<li>Transport and mobility infrastructure<\/li>\n<\/ul>\n\n\n\n<p>Countryside: Water management in rural areas<\/p>\n\n\n\n<ul class=\"wp-block-list\">\n<li>Water management in agriculture<\/li>\n\n\n\n<li>Water retention strategies in rural landscapes<\/li>\n\n\n\n<li>The impact of agricultural practices on water quality<\/li>\n<\/ul>\n\n\n\n<p>Nature-based solutions \u2014 solutions based on natural capital<\/p>\n\n\n\n<ul class=\"wp-block-list\">\n<li>Implementation of blue-green infrastructure in cities<\/li>\n\n\n\n<li>Tools to support the planning, design, implementation, and monitoring of Nature-Based Solutions (NBS)<\/li>\n<\/ul>\n\n\n\n<p>Mobility\/Transport: interconnections, design, and engineering<\/p>\n\n\n\n<ul class=\"wp-block-list\">\n<li>Designing sustainable transport systems \u2014 integration of greenery, water, and environmental aspects<\/li>\n\n\n\n<li>Transport in crisis: extreme weather events and strategies to strengthen urban resilience<\/li>\n<\/ul>\n\n\n\n<p>Social aspects and water<\/p>\n\n\n\n<ul class=\"wp-block-list\">\n<li>Environment and health in the context of climate change<\/li>\n\n\n\n<li>Inclusive design: social barriers in creating resilient cities, and the issue of green gentrification<\/li>\n\n\n\n<li>Public participation in climate change adaptation: citizen engagement, involvement, and education<\/li>\n\n\n\n<li>Community engagement in the region: citizen science and community-led research<\/li>\n<\/ul>\n\n\n\n<hr class=\"wp-block-separator has-alpha-channel-opacity\"\/>\n\n\n\n<p><strong>Region \u2013 Miasto \u2013 Wie\u015b<\/strong> \u2014 konferencja dotycz\u0105ca g\u0142\u00f3wnie zagadnie\u0144 wsp\u00f3\u0142czesnej urbanistyki, dotychczas poruszane by\u0142y zagadnienia nowych koncepcji obszar\u00f3w mieszkaniowych, przestrzeni pracy i koncepcji przestrzeni publicznych, rozwoju miast inteligentnych i strategii planowania przestrzennego. Obecnie g\u0142\u00f3wnym tematem b\u0119d\u0105 zagadnienia dotycz\u0105ce przeciwdzia\u0142aniu zmianom klimatycznym, w edycji pt.: Deszcz na betonie. Retencja wody w przestrzeniach publicznych. <\/p>\n\n\n\n<p>Podczas sesji poruszone zostan\u0105 zagadnienia zwi\u0105zane z naturalnymi metodami zatrzymania i zagospodarowania w\u00f3d opadowych w r\u00f3\u017cnego rodzaju przestrzeniach publicznych.<\/p>\n\n\n\n<p>Tematyka<\/p>\n\n\n\n<p>Region: Woda w krajobrazie i planowaniu regionalnym<\/p>\n\n\n\n<ul class=\"wp-block-list\">\n<li>Zarz\u0105dzanie wod\u0105 na poziomie regionalnym<\/li>\n\n\n\n<li>Wp\u0142yw urbanizacji na cykl hydrologiczny<\/li>\n\n\n\n<li>Planowanie przestrzenne z uwzgl\u0119dnieniem zasob\u00f3w wodnych<\/li>\n\n\n\n<li>Wsp\u00f3\u0142udzia\u0142 samorz\u0105d\u00f3w w planowaniu<\/li>\n\n\n\n<li>Regionalny Plan Adaptacji do zmian klimatu<\/li>\n<\/ul>\n\n\n\n<p>Miasto: Adaptacja urbanistyczna do zmian klimatu<\/p>\n\n\n\n<ul class=\"wp-block-list\">\n<li>Zr\u00f3wnowa\u017cone miasta: woda w perspektywie cel\u00f3w zr\u00f3wnowa\u017conego rozwoju ONZ<\/li>\n\n\n\n<li>Zarz\u0105dzanie wod\u0105 opadow\u0105 w kontek\u015bcie zmian klimatycznych<\/li>\n\n\n\n<li>Projektowanie przestrzeni publicznych z my\u015bl\u0105 o retencji wody<\/li>\n\n\n\n<li>Transport \/ komunikacja<\/li>\n<\/ul>\n\n\n\n<p>Wie\u015b: Gospodarka wodna na obszarach wiejskich<\/p>\n\n\n\n<ul class=\"wp-block-list\">\n<li>Zarz\u0105dzanie wod\u0105 w rolnictwie<\/li>\n\n\n\n<li>Retencja wody na terenach wiejskich<\/li>\n\n\n\n<li>Wp\u0142yw praktyk rolniczych na jako\u015b\u0107 w\u00f3d<\/li>\n<\/ul>\n\n\n\n<p>Nature-based solutions &#8211; rozwi\u0105zania oparte na kapitale przyrodniczym<\/p>\n\n\n\n<ul class=\"wp-block-list\">\n<li>Implementacja b\u0142\u0119kitno-zielonej infrastruktury w miastach<\/li>\n\n\n\n<li>Narz\u0119dzia wspieraj\u0105ce planowanie, projektowanie, realizowanie oraz monitorowanie NBS<\/li>\n<\/ul>\n\n\n\n<p>Komunikacja\/transport: wzajemne powi\u0105zania, projektowanie i in\u017cynieria<\/p>\n\n\n\n<ul class=\"wp-block-list\">\n<li>Projektowanie zr\u00f3wnowa\u017conych system\u00f3w komunikacji &#8211; ziele\u0144, woda, \u015brodowisko<\/li>\n\n\n\n<li>Transport w kryzysie &#8211; ekstremalnych zjawisk pogodowych &#8211; jak wzmocni\u0107 odpornos\u0107 miejsk\u0105<\/li>\n<\/ul>\n\n\n\n<p>Kwestie spo\u0142eczne a woda<\/p>\n\n\n\n<ul class=\"wp-block-list\">\n<li>\u015arodowisko i zdrowie a zmiany klimatyczne<\/li>\n\n\n\n<li>Projektowanie sprawiedliwe: bariery spo\u0142eczne w projektowaniu miast odpornych, zielona gentryfikacja<\/li>\n\n\n\n<li>Partycypacja spo\u0142eczna w procesie adaptacji do zmian klimatu: wp\u0142yw mieszka\u0144c\u00f3w, zaanga\u017cowanie, edukacja<\/li>\n\n\n\n<li>Zaanga\u017cowanie mieszka\u0144c\u00f3w regionu: Citizen science i wykonywanie bada\u0144 obywatelskich<\/li>\n<\/ul>\n","protected":false},"excerpt":{"rendered":"<p>Region, Town, and Country, the conference dealing mainly with issues of contemporary urban planning; so far the topics covered have been new concepts for residential areas, work spaces and concepts for public spaces, the development of smart cities, and spatial planning strategies. Currently, the main topic will be issues concerning the fight against climate change, [&hellip;]<\/p>\n","protected":false},"author":2,"featured_media":0,"parent":0,"menu_order":0,"comment_status":"closed","ping_status":"closed","template":"","meta":{"om_disable_all_campaigns":false,"_monsterinsights_skip_tracking":false,"_monsterinsights_sitenote_active":false,"_monsterinsights_sitenote_note":"","_monsterinsights_sitenote_category":0,"footnotes":""},"class_list":["post-45","page","type-page","status-publish","hentry"],"_links":{"self":[{"href":"https:\/\/dream-silesia.polsl.pl\/index.php?rest_route=\/wp\/v2\/pages\/45","targetHints":{"allow":["GET"]}}],"collection":[{"href":"https:\/\/dream-silesia.polsl.pl\/index.php?rest_route=\/wp\/v2\/pages"}],"about":[{"href":"https:\/\/dream-silesia.polsl.pl\/index.php?rest_route=\/wp\/v2\/types\/page"}],"author":[{"embeddable":true,"href":"https:\/\/dream-silesia.polsl.pl\/index.php?rest_route=\/wp\/v2\/users\/2"}],"replies":[{"embeddable":true,"href":"https:\/\/dream-silesia.polsl.pl\/index.php?rest_route=%2Fwp%2Fv2%2Fcomments&post=45"}],"version-history":[{"count":32,"href":"https:\/\/dream-silesia.polsl.pl\/index.php?rest_route=\/wp\/v2\/pages\/45\/revisions"}],"predecessor-version":[{"id":2279,"href":"https:\/\/dream-silesia.polsl.pl\/index.php?rest_route=\/wp\/v2\/pages\/45\/revisions\/2279"}],"wp:attachment":[{"href":"https:\/\/dream-silesia.polsl.pl\/index.php?rest_route=%2Fwp%2Fv2%2Fmedia&parent=45"}],"curies":[{"name":"wp","href":"https:\/\/api.w.org\/{rel}","templated":true}]}}