{"id":39,"date":"2025-07-08T12:02:02","date_gmt":"2025-07-08T10:02:02","guid":{"rendered":"http:\/\/dream-silesia.polsl.pl\/?page_id=39"},"modified":"2025-10-31T11:54:05","modified_gmt":"2025-10-31T10:54:05","slug":"at-z","status":"publish","type":"page","link":"https:\/\/dream-silesia.polsl.pl\/?page_id=39","title":{"rendered":"Architecture, Technology and Health"},"content":{"rendered":"\n<p><img loading=\"lazy\" decoding=\"async\" width=\"150\" height=\"150\" class=\"wp-image-191\" style=\"width: 150px;\" src=\"http:\/\/dream-silesia.polsl.pl\/wp-content\/uploads\/2018\/06\/logo-atz-560_560.jpg\" alt=\"\" srcset=\"https:\/\/dream-silesia.polsl.pl\/wp-content\/uploads\/2018\/06\/logo-atz-560_560.jpg 560w, https:\/\/dream-silesia.polsl.pl\/wp-content\/uploads\/2018\/06\/logo-atz-560_560-150x150.jpg 150w, https:\/\/dream-silesia.polsl.pl\/wp-content\/uploads\/2018\/06\/logo-atz-560_560-300x300.jpg 300w, https:\/\/dream-silesia.polsl.pl\/wp-content\/uploads\/2018\/06\/logo-atz-560_560-65x65.jpg 65w\" sizes=\"auto, (max-width: 150px) 100vw, 150px\" \/><\/p>\n\n\n\n<p>The Architecture and Technology and Health Conference is a recurring event focusing on issues related to the health-promoting potential of contemporary architecture and urban planning. The next edition, ATZ 2026, will be dedicated to topics connecting architecture, environmental psychology, and environmental design, in order to understand the principles of human behavior and social interaction in the context of human health and well-being within the built environment.<\/p>\n\n\n\n<p>The current development of neuroarchitecture, aimed at improving design practices in workspaces, residential settings, and educational environments, is intended to support human well-being and contribute to the enhancement of both physical and mental health. At the same time, advances in neuroscience and the use of empirical research methods are significantly expanding the boundaries of traditional architectural studies and allow for a deeper investigation into the behaviors and preferences of specific user groups. Therefore, the conference invites discussion on the following topics:<\/p>\n\n\n\n<ul class=\"wp-block-list\">\n<li>Designing for individuals sensitive to environmental stimuli: How can scientific research support the design and implementation processes at various scales?<\/li>\n\n\n\n<li>Urban solutions for health promotion: What design strategies can strengthen the health-promoting potential of urban spaces, in particular by encouraging physical activity among city residents?<\/li>\n\n\n\n<li>Sustainable design and restorative environments: How should these concepts be understood today in the context of user well-being?<\/li>\n\n\n\n<li>Cities and mental health: In what ways can urban planning help reduce environmental stress and promote residents&#8217; well-being?<\/li>\n<\/ul>\n\n\n\n<p>We encourage participants to share research findings and practical experiences related to these topics.<\/p>\n\n\n\n<hr class=\"wp-block-separator has-alpha-channel-opacity\"\/>\n\n\n\n<p>Konferencja Architektura i Technika a Zdrowie jest cyklicznym wydarzeniem koncentruj\u0105cym si\u0119 wok\u00f3\u0142 zagadnie\u0144 dotycz\u0105cych potencja\u0142u prozdrowotnego we wsp\u00f3\u0142czesnej architekturze i urbanistyce. Kolejna edycja konferencji ATZ 2026 po\u015bwi\u0119cona b\u0119dzie zagadnieniom \u0142\u0105cz\u0105cym architektur\u0119, psychologi\u0119 \u015brodowiskow\u0105 i projektowanie \u015brodowiskowe, aby zrozumie\u0107 regu\u0142y ludzkich zachowa\u0144 oraz interakcji spo\u0142ecznych w kontek\u015bcie zdrowia i dobrostanu cz\u0142owieka w \u015brodowisku zbudowanym. <\/p>\n\n\n\n<p>Wsp\u00f3\u0142czesny rozw\u00f3j neuroarchitektury, ukierunkowany na doskonalenie praktyki projektowej w zakresie projektowania \u015brodowiska pracy, zamieszkania czy edukacji, ma wspiera\u0107 dobrostan cz\u0142owieka i sprzyja\u0107 poprawie zdrowia fizycznego i psychicznego. Jednocze\u015bnie post\u0119p w neuronaukach i wykorzystanie empirycznych metod badawczych przesuwa znacz\u0105co granice tradycyjnych bada\u0144 architektonicznych oraz pozwala na pog\u0142\u0119bienie bada\u0144 nad zachowaniami i preferencjami poszczeg\u00f3lnych grup u\u017cytkownik\u00f3w. Dlatego w ramach konferencji proponujemy dyskusj\u0119 nad nast\u0119puj\u0105cymi zagadnieniami:<\/p>\n\n\n\n<ul class=\"wp-block-list\">\n<li>Projektowanie dla os\u00f3b wra\u017cliwych na bod\u017ace \u015brodowiskowe: w jaki spos\u00f3b badania naukowe mog\u0105 wspom\u00f3c proces projektowy i realizacyjny w zr\u00f3\u017cnicowanej skali?<\/li>\n\n\n\n<li>Jakie rozwi\u0105zania mog\u0105 wzmocni\u0107 prozdrowotny potencja\u0142 przestrzeni miejskiej, a w szczeg\u00f3lno\u015bci wspiera\u0107 aktywno\u015b\u0107 fizyczn\u0105 mieszka\u0144c\u00f3w miast?<\/li>\n\n\n\n<li>Projektowanie zr\u00f3wnowa\u017cone i \u015brodowisko regeneracyjne: jak rozumie\u0107 je wsp\u00f3\u0142cze\u015bnie w kontek\u015bcie dobrostanu u\u017cytkownik\u00f3w?<\/li>\n\n\n\n<li>Miasta a zdrowie psychiczne: w jaki spos\u00f3b projektowanie urbanistyczne mo\u017ce wp\u0142ywa\u0107 na obni\u017cenie poziomu stresu \u015brodowiskowego i wspiera\u0107 dobrostan mieszka\u0144c\u00f3w?<\/li>\n<\/ul>\n\n\n\n<p>Zach\u0119camy do podzielenia si\u0119 wynikami bada\u0144 oraz do\u015bwiadczeniami praktycznymi w powy\u017cszych zagadnieniach.<\/p>\n","protected":false},"excerpt":{"rendered":"<p>The Architecture and Technology and Health Conference is a recurring event focusing on issues related to the health-promoting potential of contemporary architecture and urban planning. The next edition, ATZ 2026, will be dedicated to topics connecting architecture, environmental psychology, and environmental design, in order to understand the principles of human behavior and social interaction in [&hellip;]<\/p>\n","protected":false},"author":2,"featured_media":0,"parent":0,"menu_order":0,"comment_status":"closed","ping_status":"closed","template":"","meta":{"om_disable_all_campaigns":false,"_monsterinsights_skip_tracking":false,"_monsterinsights_sitenote_active":false,"_monsterinsights_sitenote_note":"","_monsterinsights_sitenote_category":0,"footnotes":""},"class_list":["post-39","page","type-page","status-publish","hentry"],"_links":{"self":[{"href":"https:\/\/dream-silesia.polsl.pl\/index.php?rest_route=\/wp\/v2\/pages\/39","targetHints":{"allow":["GET"]}}],"collection":[{"href":"https:\/\/dream-silesia.polsl.pl\/index.php?rest_route=\/wp\/v2\/pages"}],"about":[{"href":"https:\/\/dream-silesia.polsl.pl\/index.php?rest_route=\/wp\/v2\/types\/page"}],"author":[{"embeddable":true,"href":"https:\/\/dream-silesia.polsl.pl\/index.php?rest_route=\/wp\/v2\/users\/2"}],"replies":[{"embeddable":true,"href":"https:\/\/dream-silesia.polsl.pl\/index.php?rest_route=%2Fwp%2Fv2%2Fcomments&post=39"}],"version-history":[{"count":43,"href":"https:\/\/dream-silesia.polsl.pl\/index.php?rest_route=\/wp\/v2\/pages\/39\/revisions"}],"predecessor-version":[{"id":2652,"href":"https:\/\/dream-silesia.polsl.pl\/index.php?rest_route=\/wp\/v2\/pages\/39\/revisions\/2652"}],"wp:attachment":[{"href":"https:\/\/dream-silesia.polsl.pl\/index.php?rest_route=%2Fwp%2Fv2%2Fmedia&parent=39"}],"curies":[{"name":"wp","href":"https:\/\/api.w.org\/{rel}","templated":true}]}}