{"id":1713,"date":"2025-11-07T19:19:31","date_gmt":"2025-11-07T18:19:31","guid":{"rendered":"https:\/\/dream-silesia.polsl.pl\/?page_id=1713"},"modified":"2026-01-21T21:56:32","modified_gmt":"2026-01-21T20:56:32","slug":"fees","status":"publish","type":"page","link":"https:\/\/dream-silesia.polsl.pl\/?page_id=1713","title":{"rendered":"Fees"},"content":{"rendered":"\n<h2 class=\"wp-block-heading\"><strong>archiDREAM Silesia 2026<\/strong><\/h2>\n\n\n\n<p><br><\/p>\n\n\n\n<figure class=\"wp-block-table\"><table class=\"has-fixed-layout\"><tbody><tr><td><strong>Registration fees<\/strong><\/td><td class=\"has-text-align-center\" data-align=\"center\">Fee (PLN)<\/td><td class=\"has-text-align-center\" data-align=\"center\">Fee (EUR)<\/td><\/tr><tr><td>Early bird \/ before 31.12.2025<\/td><td class=\"has-text-align-center\" data-align=\"center\">1100<\/td><td class=\"has-text-align-center\" data-align=\"center\">260<\/td><\/tr><tr><td>Standard fee \/ before 26.01.2026<\/td><td class=\"has-text-align-center\" data-align=\"center\">1400<\/td><td class=\"has-text-align-center\" data-align=\"center\">330<\/td><\/tr>\n\n<tr>\n<td>PhD students \/ before 26.01.2026<\/td>\n<td class=\"has-text-align-center\" data-align=\"center\">800<\/td>\n<td class=\"has-text-align-center\" data-align=\"center\">190<\/td>\n<\/tr>\n<tr>\n<td>Participant without abstract \/ before 31.03.2026<\/td>\n<td class=\"has-text-align-center\" data-align=\"center\">600<\/td>\n<td class=\"has-text-align-center\" data-align=\"center\">140<\/td>\n<\/tr>\n<tr>\n<td>Co-author fee<\/td>\n<td class=\"has-text-align-center\" data-align=\"center\">600<\/td>\n<td class=\"has-text-align-center\" data-align=\"center\">140<\/td>\n<\/tr>\n<\/tbody><\/table><\/figure>\n\n\n\n<p><br><\/p>\n\n\n\n<p>31.12.2025 \u2013 Early bird registration: text submission<\/p>\n\n\n\n<p><s>13.01.2026<\/s> <strong>26.01.2026<\/strong> \u2013 Standard registration: text submission<\/p>\n\n\n\n<p><s>09.02.2026<\/s> <strong>16.02.2026<\/strong> \u2013 Author notification deadline<\/p>\n\n\n\n<p><s>15.02.2026<\/s> <strong>27.02.2026<\/strong> \u2013 Payment deadline<\/p>\n\n\n\n<p><br><\/p>\n\n\n\n<p><strong>Bank account (PLN) <\/strong>(for payments in PLN)<strong><br><\/strong>ING Bank \u015al\u0105ski S.A.<br>60 1050 1230 1000 0002 0211 3056<br>Politechnika \u015al\u0105ska, 44-100 Gliwice, ul. Akademicka 2A<br>Title: archiDREAM Silesia 2026 &#8211; name and surname<\/p>\n\n\n\n<p><strong>Bank account (EUR) (for payments in EUR and international transfers)<br><\/strong>IBAN: PL 68 1050 1230 1000 0023 6055 5748<br>SWIFT\/BIC: INGBPLPW<\/p>\n\n\n\n<p><br><\/p>\n\n\n\n<p><strong>Full participant<\/strong><\/p>\n\n\n\n<ul class=\"wp-block-list\">\n<li>maksimum 2 submissions; text published in the in a peer-reviewed monograph<\/li>\n\n\n\n<li>conference materials<\/li>\n\n\n\n<li>participation in scientific and poster sessions<\/li>\n\n\n\n<li>abstract publication<\/li>\n\n\n\n<li>coffee and lunch breaks<\/li>\n\n\n\n<li>participation certificate<\/li>\n\n\n\n<li>gala dinner (17.04.2026)<\/li>\n\n\n\n<li>participation in accompanying events<\/li>\n<\/ul>\n\n\n\n<p><br><\/p>\n\n\n\n<p><strong>Participant without abstract<\/strong><\/p>\n\n\n\n<ul class=\"wp-block-list\">\n<li>conference materials<\/li>\n\n\n\n<li>participation in scientific and poster sessions<\/li>\n\n\n\n<li>coffee and lunch breaks<\/li>\n<\/ul>\n","protected":false},"excerpt":{"rendered":"<p>archiDREAM Silesia 2026 Registration fees Fee (PLN) Fee (EUR) Early bird \/ before 31.12.2025 1100 260 Standard fee \/ before 26.01.2026 1400 330 PhD students \/ before 26.01.2026 800 190 Participant without abstract \/ before 31.03.2026 600 140 Co-author fee 600 140 31.12.2025 \u2013 Early bird registration: text submission 13.01.2026 26.01.2026 \u2013 Standard registration: text [&hellip;]<\/p>\n","protected":false},"author":2,"featured_media":0,"parent":0,"menu_order":0,"comment_status":"closed","ping_status":"closed","template":"","meta":{"om_disable_all_campaigns":false,"_monsterinsights_skip_tracking":false,"_monsterinsights_sitenote_active":false,"_monsterinsights_sitenote_note":"","_monsterinsights_sitenote_category":0,"footnotes":""},"class_list":["post-1713","page","type-page","status-publish","hentry"],"_links":{"self":[{"href":"https:\/\/dream-silesia.polsl.pl\/index.php?rest_route=\/wp\/v2\/pages\/1713","targetHints":{"allow":["GET"]}}],"collection":[{"href":"https:\/\/dream-silesia.polsl.pl\/index.php?rest_route=\/wp\/v2\/pages"}],"about":[{"href":"https:\/\/dream-silesia.polsl.pl\/index.php?rest_route=\/wp\/v2\/types\/page"}],"author":[{"embeddable":true,"href":"https:\/\/dream-silesia.polsl.pl\/index.php?rest_route=\/wp\/v2\/users\/2"}],"replies":[{"embeddable":true,"href":"https:\/\/dream-silesia.polsl.pl\/index.php?rest_route=%2Fwp%2Fv2%2Fcomments&post=1713"}],"version-history":[{"count":45,"href":"https:\/\/dream-silesia.polsl.pl\/index.php?rest_route=\/wp\/v2\/pages\/1713\/revisions"}],"predecessor-version":[{"id":2834,"href":"https:\/\/dream-silesia.polsl.pl\/index.php?rest_route=\/wp\/v2\/pages\/1713\/revisions\/2834"}],"wp:attachment":[{"href":"https:\/\/dream-silesia.polsl.pl\/index.php?rest_route=%2Fwp%2Fv2%2Fmedia&parent=1713"}],"curies":[{"name":"wp","href":"https:\/\/api.w.org\/{rel}","templated":true}]}}