{"id":1080,"date":"2025-09-08T12:49:00","date_gmt":"2025-09-08T10:49:00","guid":{"rendered":"http:\/\/dream-silesia.polsl.pl\/?page_id=1080"},"modified":"2025-10-31T11:55:27","modified_gmt":"2025-10-31T10:55:27","slug":"designartscience","status":"publish","type":"page","link":"https:\/\/dream-silesia.polsl.pl\/?page_id=1080","title":{"rendered":"design+art+science"},"content":{"rendered":"\n<p><img decoding=\"async\" class=\"wp-image-1163\" style=\"width: 150px;\" src=\"http:\/\/dream-silesia.polsl.pl\/wp-content\/uploads\/2025\/07\/logo_DAS.png\" alt=\"\"><\/p>\n\n\n\n<p><strong>design+art+science<\/strong> &#8211; conference on the importance of visual arts in urban space, presenting reflections on the intersection of architectural design in integration with fine arts and the role of this synergy for shaping contemporary public spaces and architectural interiors. The new edition of the conference will focus on the contexts of meaning and narrative in design, fine and visual arts, as well as the workshop of the architect and artist. Special attention will be paid to the individualized sensory perception of a design work.<\/p>\n\n\n\n<p>Both architecture and art, instead of prompting the viewer to only visually perceive the work, are increasingly engaging other senses such as touch, hearing, smell and taste to create a comprehensive and sensory experience. Nowadays, the importance of holistic, multi-sensory perception of space playing an important role is emphasized as it affects our experience and interaction with the environment. The understanding of the environment is based on sensory impressions, which are then processed by the cognitive system, which is influenced by genetically determined individual characteristics and the different life experiences of each person. Questions arise &#8211; how to create works of art and architecture to make them understandable and acceptable to the audience? how to diversify solutions so that each viewer can feel the comfort of perception of the work or the environment? what means of expression to use to reach the widest possible audience, to provide a sense of security, stability?<\/p>\n\n\n\n<p>Sight is the dominant sense in the perception of art and architecture. Image, color, composition, form, as well as proportion and scale are key elements that shape our perception. But for some the color is green, for others it is blue &#8211; do we have the right to claim that this person is wrong? How does interacting with color, valence, scale affect our sense of security?<\/p>\n\n\n\n<p>Tactile perception is important when interacting directly with an object. We can feel the texture of materials, the texture of walls, the coolness of floors, the hardness of stone. Impressions can be positive or negative. They are especially important for people who do not use sight. In the design process of a work of art and architecture, do we give these people a chance to receive impressions appropriately?<\/p>\n\n\n\n<p>Hearing allows us to experience the acoustics of the interior, the sounds in the space \u2014 another particularly important aspect for audiences with vision problems. A gravel path, the rustle of tree leaves, the splash of water in a fountain &#8211; multi-sensory landmarks that we often forget about in the design process.<\/p>\n\n\n\n<p>Smell and taste are less obvious in the perception process of architecture, although they can play a leading role in the reception of art. In the case of architecture, materials, vegetation or other elements that emit a strong scent can evoke certain associations, sometimes unpleasant, but also important in the context of commercial spaces, cafes, restaurants or food-related facilities.<\/p>\n\n\n\n<p>In the face of the issues described, questions arise that we will seek answers to during the panel sessions:<\/p>\n\n\n\n<ul class=\"wp-block-list\">\n<li>Narratives of space: how to tell stories through form, material, light and sound? Emotional and sensual storytelling: how do we perceive art and modern design in urban space?<\/li>\n\n\n\n<li>What are the characteristics of new trends in design art that take into account multisensory?<\/li>\n\n\n\n<li>Design empathy &#8211; designing for experience: how to design taking into account non-neurotypical people?<\/li>\n\n\n\n<li>Smell, taste, memory &#8211; non-obvious senses in the creation of spaces and works of art \u2014 a dictionary of smells and tastes in architecture and art: how can art complement architecture in terms of multisensory?<\/li>\n\n\n\n<li>Material as a medium for the senses &#8211; do texture, temperature and acoustics affect \u201cemotional quality\u201d; how does sensory perception of the design work and surroundings affect extra-sensory perception?<\/li>\n\n\n\n<li>(In)visible boundaries: how to design a space whose boundaries are defined by the senses?<\/li>\n<\/ul>\n\n\n\n<hr class=\"wp-block-separator has-alpha-channel-opacity\"\/>\n\n\n\n<p><strong>design+art+science<\/strong> &#8211; konferencja dotycz\u0105ca znaczenia sztuk plastycznych w przestrzeni miejskiej, prezentuj\u0105ca refleksje na styku projektowania architektonicznego w integracji ze sztukami pi\u0119knymi oraz roli tej synergii dla kszta\u0142towania wsp\u00f3\u0142czesnych przestrzeni publicznych oraz wn\u0119trz architektonicznych. Nowa edycja konferencji b\u0119dzie po\u015bwi\u0119cona kontekstom znaczeniowym i narracyjnym w sztukach projektowych, plastycznych oraz wizualnych, a tak\u017ce warsztatowi architekta i artysty. Szczeg\u00f3lna uwaga skupiona zostanie na zindywidualizowanym odbiorze zmys\u0142owym dzie\u0142a.<\/p>\n\n\n\n<p>Zar\u00f3wno architektura, jak i sztuka, zamiast sk\u0142ania\u0107 odbiorc\u0119 tylko do wzrokowej percepcji dzie\u0142a, coraz cz\u0119\u015bciej anga\u017cuje inne zmys\u0142y, takie jak dotyk, s\u0142uch, zapach i smak, aby stworzy\u0107 kompleksowe i zmys\u0142owe do\u015bwiadczenie. Wsp\u00f3\u0142cze\u015bnie podkre\u015bla si\u0119 wag\u0119 holistycznego, wielozmys\u0142owego odczuwania przestrzeni odgrywaj\u0105cego istotn\u0105 rol\u0119, poniewa\u017c wp\u0142ywa na nasze do\u015bwiadczenie i interakcj\u0119 z otoczeniem. Rozumienie otoczenia opiera si\u0119 na wra\u017ceniach zmys\u0142owych, kt\u00f3re s\u0105 nast\u0119pnie przetwarzane przez system poznawczy, na kt\u00f3ry wp\u0142yw maj\u0105 uwarunkowane genetycznie indywidualne cechy oraz odmienne do\u015bwiadczenia \u017cyciowe ka\u017cdej osoby. Powstaj\u0105 pytania \u2013 jak tworzy\u0107 dzie\u0142a, by by\u0142y zrozumia\u0142e i akceptowane przez odbiorc\u00f3w? jak dywersyfikowa\u0107 rozwi\u0105zania aby ka\u017cdy odbiorca m\u00f3g\u0142 poczu\u0107 komfort percepcji dzie\u0142a lub otoczenia? jakich \u015brodk\u00f3w wyrazu u\u017cywa\u0107 aby dotrze\u0107 do jak najszerszego grona odbiorc\u00f3w, zapewni\u0107 poczucie bezpiecze\u0144stwa, stabilno\u015bci?<\/p>\n\n\n\n<p>Wzrok jest dominuj\u0105cym zmys\u0142em w odbiorze sztuki i architektury. Obraz, kolorystyka, kompozycja, forma, a tak\u017ce proporcje i skala s\u0105 kluczowymi elementami, kt\u00f3re kszta\u0142tuj\u0105 nasz\u0105 percepcj\u0119. Ale dla jednych kolor jest zielony, dla innych jest to niebieski \u2013 czy mamy prawo twierdzi\u0107, \u017ce ten kto\u015b si\u0119 myli? Jaki wp\u0142yw na poczucie bezpiecze\u0144stwa ma oddzia\u0142ywanie kolorem, walorem, skal\u0105?<\/p>\n\n\n\n<p>Odbi\u00f3r dotykowy jest wa\u017cny przy bezpo\u015bredniej interakcji z obiektem. Mo\u017cemy czu\u0107 tekstur\u0119 materia\u0142\u00f3w, faktur\u0119 \u015bcian, ch\u0142\u00f3d posadzki, twardo\u015b\u0107 kamienia. Wra\u017cenia mog\u0105 by\u0107 pozytywne lub negatywne. S\u0105 szczeg\u00f3lnie wa\u017cne dla os\u00f3b niepos\u0142uguj\u0105cych si\u0119 wzrokiem. Czy w procesie projektowym dzie\u0142a sztuki oraz architektury dajemy tym osobom szans\u0119 na odpowiedni odbi\u00f3r wra\u017ce\u0144?<\/p>\n\n\n\n<p>S\u0142uch pozwala nam na do\u015bwiadczanie akustyki wn\u0119trza, d\u017awi\u0119k\u00f3w w przestrzeni \u2013 kolejny szczeg\u00f3lnie wa\u017cny aspekt dla odbiorc\u00f3w z problemami ze wzrokiem. \u017bwirowa \u015bcie\u017cka, szum li\u015bci drzew, plusk wody w fontannie \u2013 wielozmys\u0142owe landmarki, o kt\u00f3rych cz\u0119sto zapominamy w procesie projektowym.<\/p>\n\n\n\n<p>W\u0119ch i smak s\u0105 mniej oczywiste w procesie percepcji architektury, cho\u0107 mog\u0105 odgrywa\u0107 wiod\u0105c\u0105 rol\u0119 w odbiorze sztuki. W przypadku architektury materia\u0142y, ro\u015blinno\u015b\u0107 czy inne elementy wydzielaj\u0105ce siln\u0105 wo\u0144 mog\u0105 wywo\u0142ywa\u0107 okre\u015blone skojarzenia, bywaj\u0105 nieprzyjemne, ale te\u017c wa\u017cne w kontek\u015bcie przestrzeni handlowych, kawiarni, restauracji czy obiekt\u00f3w zwi\u0105zanych z gastronomi\u0105.<\/p>\n\n\n\n<p>Wobec opisanych zagadnie\u0144 powstaj\u0105 pytania, na kt\u00f3re b\u0119dziemy poszukiwa\u0107 odpowiedzi podczas sesji panelowych:<\/p>\n\n\n\n<ul class=\"wp-block-list\">\n<li>Narracje przestrzeni: jak opowiada\u0107 historie przez form\u0119, materia\u0142, \u015bwiat\u0142o i d\u017awi\u0119k? Emocjonalny i zmys\u0142owy storytelling: jak odbieramy sztuk\u0119 i&nbsp; nowoczesne wzornictwo w przestrzeni miejskiej?&nbsp;<\/li>\n\n\n\n<li>Czym charakteryzuj\u0105 si\u0119 nowe trendy w sztuce projektowej, kt\u00f3re bior\u0105 pod uwag\u0119 wielozmys\u0142owo\u015b\u0107?&nbsp;<\/li>\n\n\n\n<li>Empatia projektowa \u2013 projektowanie dla do\u015bwiadczenia: jak projektowa\u0107 bior\u0105c pod uwag\u0119 osoby nieneurotypowe?&nbsp;<\/li>\n\n\n\n<li>Zapach, smak, pami\u0119\u0107 \u2013 nieoczywiste zmys\u0142y w tworzeniu przestrzeni i dzie\u0142 sztuki \u2013 s\u0142ownik zapach\u00f3w i smak\u00f3w w architekturze i sztuce: jak sztuka mo\u017ce uzupe\u0142ni\u0107 architektur\u0119 pod wzgl\u0119dem wielozmys\u0142owo\u015bci?<\/li>\n\n\n\n<li>Materia\u0142 jako medium zmys\u0142\u00f3w \u2013 czy faktura, temperatura i akustyka maj\u0105 wp\u0142yw na \u201eemocjonaln\u0105 jako\u015b\u0107\u201d? Jak zmys\u0142owa percepcja dzie\u0142a i otoczenia wp\u0142ywa na odbi\u00f3r pozazmys\u0142owy?<\/li>\n\n\n\n<li>(Nie)widzialne granice: jak projektowa\u0107 przestrze\u0144, kt\u00f3rej granice wyznaczaj\u0105 zmys\u0142y?<\/li>\n<\/ul>\n","protected":false},"excerpt":{"rendered":"<p>design+art+science &#8211; conference on the importance of visual arts in urban space, presenting reflections on the intersection of architectural design in integration with fine arts and the role of this synergy for shaping contemporary public spaces and architectural interiors. The new edition of the conference will focus on the contexts of meaning and narrative in [&hellip;]<\/p>\n","protected":false},"author":2,"featured_media":0,"parent":0,"menu_order":0,"comment_status":"closed","ping_status":"closed","template":"","meta":{"om_disable_all_campaigns":false,"_monsterinsights_skip_tracking":false,"_monsterinsights_sitenote_active":false,"_monsterinsights_sitenote_note":"","_monsterinsights_sitenote_category":0,"footnotes":""},"class_list":["post-1080","page","type-page","status-publish","hentry"],"_links":{"self":[{"href":"https:\/\/dream-silesia.polsl.pl\/index.php?rest_route=\/wp\/v2\/pages\/1080","targetHints":{"allow":["GET"]}}],"collection":[{"href":"https:\/\/dream-silesia.polsl.pl\/index.php?rest_route=\/wp\/v2\/pages"}],"about":[{"href":"https:\/\/dream-silesia.polsl.pl\/index.php?rest_route=\/wp\/v2\/types\/page"}],"author":[{"embeddable":true,"href":"https:\/\/dream-silesia.polsl.pl\/index.php?rest_route=\/wp\/v2\/users\/2"}],"replies":[{"embeddable":true,"href":"https:\/\/dream-silesia.polsl.pl\/index.php?rest_route=%2Fwp%2Fv2%2Fcomments&post=1080"}],"version-history":[{"count":17,"href":"https:\/\/dream-silesia.polsl.pl\/index.php?rest_route=\/wp\/v2\/pages\/1080\/revisions"}],"predecessor-version":[{"id":2654,"href":"https:\/\/dream-silesia.polsl.pl\/index.php?rest_route=\/wp\/v2\/pages\/1080\/revisions\/2654"}],"wp:attachment":[{"href":"https:\/\/dream-silesia.polsl.pl\/index.php?rest_route=%2Fwp%2Fv2%2Fmedia&parent=1080"}],"curies":[{"name":"wp","href":"https:\/\/api.w.org\/{rel}","templated":true}]}}